{"id":1148,"date":"2020-08-06T17:47:46","date_gmt":"2020-08-06T17:47:46","guid":{"rendered":"http:\/\/muetterzentrum-noerten.de\/?page_id=1148"},"modified":"2020-08-09T17:59:31","modified_gmt":"2020-08-09T17:59:31","slug":"komm-spiel-mit-mir-bindungsorientierte-eltern-kind-kurse","status":"publish","type":"page","link":"https:\/\/muetterzentrum-noerten.de\/?page_id=1148","title":{"rendered":"Komm spiel mit mir ( Bindungsorientierte Eltern- Kind Kurse)"},"content":{"rendered":"\n<p><strong>Dieser Kurs richtet sich an Eltern mit ihren Kindern im ersten Lebensjahr<\/strong><\/p>\n\n\n\n<p>Wir treffen uns einmal w\u00f6chentlich f\u00fcr 1,5 Stunden. In entspannter Atmosph\u00e4re k\u00f6nnen es die Babys genie\u00dfen , sich in dem warmen Raum nackt zu bewegen und die Umgebung und andere Babys zu entdecken.<\/p>\n\n\n\n<p>Die Gruppen werden altershomogen zusammen gesetzt . Was den Vorteil hat, dass der Entwicklungsstand der Kinder und auch die Themen, die die Eltern besch\u00e4ftigen, \u00e4hnlich sind.<\/p>\n\n\n\n<p>Wir starten jeden Termin mit einer festen Abfolge von Liedern und Spielen. So entsteht ein Ritual, welches den Kindern schnell erm\u00f6glicht Sicherheit und Vertrauen in der neuen Umgebung zu entwickeln. Nat\u00fcrlich gibt es auch jedes Mal etwas &#8220; kleines Neues &#8222;, f\u00fcr die Babys zu entdecken und auszuprobieren.Die gemeinsamen Sing- und Bewegungsspiele animieren  die Kinder zur selbstst\u00e4ndigen Bewegung und regen den Spracherwerb der Kinder an. Neben der Freude am gemeinsamen Singen und  Spiel erfahren die Eltern wichtige Dinge \u00fcber die freie und gesunde Bewegungsentwicklung ihrer Kinder.<\/p>\n\n\n\n<p>Au\u00dferdem befassen wir uns je nach Alter der Kinder mit Themen wie : Ern\u00e4hrung, sichere Eltern &#8211; Kind &#8211; Bindung , erste Hilfe &#8230;.<\/p>\n\n\n\n<p><strong>Infos Christina Boeder unter www.hebammenpraxis-rundum-northeim oder telefonisch : 05555 &#8211; 2740016 oder 0176 &#8211; 52043132<\/strong><\/p>\n\n\n\n<p><\/p>\n","protected":false},"excerpt":{"rendered":"<p>Dieser Kurs richtet sich an Eltern mit ihren Kindern im ersten Lebensjahr Wir treffen uns einmal w\u00f6chentlich f\u00fcr 1,5 Stunden. In entspannter Atmosph\u00e4re k\u00f6nnen es die Babys genie\u00dfen , sich in dem warmen Raum nackt zu bewegen und die Umgebung und andere Babys zu entdecken. Die Gruppen werden altershomogen zusammen gesetzt . Was den Vorteil\u2026 <span class=\"read-more\"><a href=\"https:\/\/muetterzentrum-noerten.de\/?page_id=1148\">Weiterlesen &raquo;<\/a><\/span><\/p>\n","protected":false},"author":1,"featured_media":0,"parent":0,"menu_order":0,"comment_status":"closed","ping_status":"closed","template":"","meta":{"footnotes":""},"_links":{"self":[{"href":"https:\/\/muetterzentrum-noerten.de\/index.php?rest_route=\/wp\/v2\/pages\/1148"}],"collection":[{"href":"https:\/\/muetterzentrum-noerten.de\/index.php?rest_route=\/wp\/v2\/pages"}],"about":[{"href":"https:\/\/muetterzentrum-noerten.de\/index.php?rest_route=\/wp\/v2\/types\/page"}],"author":[{"embeddable":true,"href":"https:\/\/muetterzentrum-noerten.de\/index.php?rest_route=\/wp\/v2\/users\/1"}],"replies":[{"embeddable":true,"href":"https:\/\/muetterzentrum-noerten.de\/index.php?rest_route=%2Fwp%2Fv2%2Fcomments&post=1148"}],"version-history":[{"count":4,"href":"https:\/\/muetterzentrum-noerten.de\/index.php?rest_route=\/wp\/v2\/pages\/1148\/revisions"}],"predecessor-version":[{"id":1178,"href":"https:\/\/muetterzentrum-noerten.de\/index.php?rest_route=\/wp\/v2\/pages\/1148\/revisions\/1178"}],"wp:attachment":[{"href":"https:\/\/muetterzentrum-noerten.de\/index.php?rest_route=%2Fwp%2Fv2%2Fmedia&parent=1148"}],"curies":[{"name":"wp","href":"https:\/\/api.w.org\/{rel}","templated":true}]}}