{"id":1150,"date":"2020-08-06T17:48:11","date_gmt":"2020-08-06T17:48:11","guid":{"rendered":"http:\/\/muetterzentrum-noerten.de\/?page_id=1150"},"modified":"2020-08-09T17:56:54","modified_gmt":"2020-08-09T17:56:54","slug":"babymassage-bindung-durch-beruehrung","status":"publish","type":"page","link":"https:\/\/muetterzentrum-noerten.de\/?page_id=1150","title":{"rendered":"Babymassage- Bindung durch Ber\u00fchrung"},"content":{"rendered":"\n<p>In den Kursen &#8220; Bindung durch Ber\u00fchrung &#8220; lernen Eltern durch schmetterlingsleichte K\u00f6rperber\u00fchrungen die N\u00e4he und Verbundenheit zum Kind zu f\u00f6rdern. Dabei werben die Eltern in der K\u00f6rperarbeit mit den Kindern darin unterst\u00fctzt, ihren intuitiven F\u00e4higheiten zu vertrauen und die K\u00f6rpersprache der Babys feinf\u00fchlig zu begleiten.<\/p>\n\n\n\n<p>Ein wichtiges Anliegen dieser Kurse ist es, die Eltern in der Ber\u00fchrungsarbeit so anzuleiten, dass sie sich in einem Zustand von innerer Sicherheit den Kindern zuwenden K\u00f6nnen.<\/p>\n\n\n\n<p>In systematischen Schritten werden die Eltern darin unterst\u00fctzt, diese Stress &#8211; und Fr\u00fchwarnzeichen des Kindes zu erkennen und ernst zu nehmen.<\/p>\n\n\n\n<p><strong>Medthode<\/strong><\/p>\n\n\n\n<p>Aus Elementen der Babymassage entwickeln sie&#8220; Ber\u00fchrungsgespr\u00e4che&#8220; : Ablauf, Rhyrhmus, Dosierung werden individuell ausgew\u00e4hlt, die Reaktion des Babys wird wargenommen und sowohl sprachlich als auch k\u00f6rperlich beantwortet.<\/p>\n\n\n\n<p>Der Kurs wird an 4 Terminen von jeweils 1.5 Stunden stattfinden und  kostet 60 Euro . Max. 6 Teilnehmer<\/p>\n\n\n\n<p><strong>Anmeldung und weitere Infos bei Christina Boeder unter www.hebammenpraxis-rundum-northeim oder telefonisch : 05555- 2740016 oder 0176 &#8211; 52043132<\/strong><\/p>\n","protected":false},"excerpt":{"rendered":"<p>In den Kursen &#8220; Bindung durch Ber\u00fchrung &#8220; lernen Eltern durch schmetterlingsleichte K\u00f6rperber\u00fchrungen die N\u00e4he und Verbundenheit zum Kind zu f\u00f6rdern. Dabei werben die Eltern in der K\u00f6rperarbeit mit den Kindern darin unterst\u00fctzt, ihren intuitiven F\u00e4higheiten zu vertrauen und die K\u00f6rpersprache der Babys feinf\u00fchlig zu begleiten. Ein wichtiges Anliegen dieser Kurse ist es, die Eltern\u2026 <span class=\"read-more\"><a href=\"https:\/\/muetterzentrum-noerten.de\/?page_id=1150\">Weiterlesen &raquo;<\/a><\/span><\/p>\n","protected":false},"author":1,"featured_media":0,"parent":0,"menu_order":0,"comment_status":"closed","ping_status":"closed","template":"","meta":{"footnotes":""},"_links":{"self":[{"href":"https:\/\/muetterzentrum-noerten.de\/index.php?rest_route=\/wp\/v2\/pages\/1150"}],"collection":[{"href":"https:\/\/muetterzentrum-noerten.de\/index.php?rest_route=\/wp\/v2\/pages"}],"about":[{"href":"https:\/\/muetterzentrum-noerten.de\/index.php?rest_route=\/wp\/v2\/types\/page"}],"author":[{"embeddable":true,"href":"https:\/\/muetterzentrum-noerten.de\/index.php?rest_route=\/wp\/v2\/users\/1"}],"replies":[{"embeddable":true,"href":"https:\/\/muetterzentrum-noerten.de\/index.php?rest_route=%2Fwp%2Fv2%2Fcomments&post=1150"}],"version-history":[{"count":4,"href":"https:\/\/muetterzentrum-noerten.de\/index.php?rest_route=\/wp\/v2\/pages\/1150\/revisions"}],"predecessor-version":[{"id":1177,"href":"https:\/\/muetterzentrum-noerten.de\/index.php?rest_route=\/wp\/v2\/pages\/1150\/revisions\/1177"}],"wp:attachment":[{"href":"https:\/\/muetterzentrum-noerten.de\/index.php?rest_route=%2Fwp%2Fv2%2Fmedia&parent=1150"}],"curies":[{"name":"wp","href":"https:\/\/api.w.org\/{rel}","templated":true}]}}