{"id":13,"date":"2015-08-26T17:34:06","date_gmt":"2015-08-26T17:34:06","guid":{"rendered":"http:\/\/muetterzentrum-noerten.de\/?page_id=13"},"modified":"2023-08-06T16:14:50","modified_gmt":"2023-08-06T15:14:50","slug":"buecherei","status":"publish","type":"page","link":"https:\/\/muetterzentrum-noerten.de\/?page_id=13","title":{"rendered":"B\u00fccherei"},"content":{"rendered":"<p>Die B\u00fccherei vom M\u00fctterzentrum ist jeden Donnerstag von ca. 8.30 &#8211; 10.30 Uhr ge\u00f6ffnet. Es besteht eine gro\u00dfe Auswahl an verschiedenen B\u00fcchern, f\u00fcr jedes Alter ist etwas dabei. Die B\u00fccherei befindet sich wie das gesamte M\u00fctterzentrum Paterre und ist auch f\u00fcr Nichtmitglieder ge\u00f6ffnet. Man kann vor Ort ein Buch lesen oder es ausleihen. Das Beste ist, dass das Ausleihen nichts kostet.Der Eingang ist Rollstuhlgerecht. Trauen Sie sich, Steffi erwartet Sie. Der Kaffee\/Tee ist schon fertig.<\/p>\n<p><a href=\"http:\/\/muetterzentrum-noerten.de\/wp-content\/uploads\/2015\/08\/dsc04766.jpg\"><img loading=\"lazy\" decoding=\"async\" class=\"alignnone size-medium wp-image-73\" src=\"http:\/\/muetterzentrum-noerten.de\/wp-content\/uploads\/2015\/08\/dsc04766-300x225.jpg\" alt=\"B\u00fccherei\" width=\"300\" height=\"225\" srcset=\"https:\/\/muetterzentrum-noerten.de\/wp-content\/uploads\/2015\/08\/dsc04766-300x225.jpg 300w, https:\/\/muetterzentrum-noerten.de\/wp-content\/uploads\/2015\/08\/dsc04766-1024x768.jpg 1024w, https:\/\/muetterzentrum-noerten.de\/wp-content\/uploads\/2015\/08\/dsc04766-660x495.jpg 660w, https:\/\/muetterzentrum-noerten.de\/wp-content\/uploads\/2015\/08\/dsc04766.jpg 1280w\" sizes=\"(max-width: 300px) 100vw, 300px\" \/><\/a><\/p>\n","protected":false},"excerpt":{"rendered":"<p>Die B\u00fccherei vom M\u00fctterzentrum ist jeden Donnerstag von ca. 8.30 &#8211; 10.30 Uhr ge\u00f6ffnet. Es besteht eine gro\u00dfe Auswahl an verschiedenen B\u00fcchern, f\u00fcr jedes Alter ist etwas dabei. Die B\u00fccherei befindet sich wie das gesamte M\u00fctterzentrum Paterre und ist auch f\u00fcr Nichtmitglieder ge\u00f6ffnet. Man kann vor Ort ein Buch lesen oder es ausleihen. Das Beste\u2026 <span class=\"read-more\"><a href=\"https:\/\/muetterzentrum-noerten.de\/?page_id=13\">Weiterlesen &raquo;<\/a><\/span><\/p>\n","protected":false},"author":1,"featured_media":73,"parent":0,"menu_order":1,"comment_status":"closed","ping_status":"closed","template":"","meta":{"footnotes":""},"_links":{"self":[{"href":"https:\/\/muetterzentrum-noerten.de\/index.php?rest_route=\/wp\/v2\/pages\/13"}],"collection":[{"href":"https:\/\/muetterzentrum-noerten.de\/index.php?rest_route=\/wp\/v2\/pages"}],"about":[{"href":"https:\/\/muetterzentrum-noerten.de\/index.php?rest_route=\/wp\/v2\/types\/page"}],"author":[{"embeddable":true,"href":"https:\/\/muetterzentrum-noerten.de\/index.php?rest_route=\/wp\/v2\/users\/1"}],"replies":[{"embeddable":true,"href":"https:\/\/muetterzentrum-noerten.de\/index.php?rest_route=%2Fwp%2Fv2%2Fcomments&post=13"}],"version-history":[{"count":4,"href":"https:\/\/muetterzentrum-noerten.de\/index.php?rest_route=\/wp\/v2\/pages\/13\/revisions"}],"predecessor-version":[{"id":1628,"href":"https:\/\/muetterzentrum-noerten.de\/index.php?rest_route=\/wp\/v2\/pages\/13\/revisions\/1628"}],"wp:featuredmedia":[{"embeddable":true,"href":"https:\/\/muetterzentrum-noerten.de\/index.php?rest_route=\/wp\/v2\/media\/73"}],"wp:attachment":[{"href":"https:\/\/muetterzentrum-noerten.de\/index.php?rest_route=%2Fwp%2Fv2%2Fmedia&parent=13"}],"curies":[{"name":"wp","href":"https:\/\/api.w.org\/{rel}","templated":true}]}}