{"id":1346,"date":"2022-01-21T19:07:17","date_gmt":"2022-01-21T17:07:17","guid":{"rendered":"https:\/\/muetterzentrum-noerten.de\/?page_id=1346"},"modified":"2022-01-31T20:24:58","modified_gmt":"2022-01-31T18:24:58","slug":"angebote-fuer-werdende-familien","status":"publish","type":"page","link":"https:\/\/muetterzentrum-noerten.de\/?page_id=1346","title":{"rendered":"Angebote f\u00fcr (werdende) Familien"},"content":{"rendered":"\n<p><strong>Von Familie Bludau  aus Northeim<\/strong><\/p>\n\n\n\n<p>Das Angebot umfasst aktuell Einzelberatungen und Gruppenworkshops zu folgenden Themen:<\/p>\n\n\n\n<ul><li>Stoffwindeln inkl. Mietpakete<\/li><li>Windelfrei ab Geburt und \u00dc2 (Trocken werden)<\/li><li>Babyschlaf<\/li><li>Dunstan Babysprache<\/li><li>Einzel- und Paarcoaching f\u00fcr Eltern<\/li><li>Moderne Monatshygiene inkl. Wochenbett<\/li><li>S\u00e4uglingspflege<\/li><\/ul>\n\n\n\n<p>Zu allen Bereichen hat sich Frau Bludau durch Fachausbildungen qualifiziert und sie wird sich auch weiter fortbilden , um einen hohen Qualit\u00e4tsstandard gew\u00e4hrleisen zu k\u00f6nnen. Meine Hauptzielgruppe sind werdende Eltern, alle anderen sind aber auch herzlich willkommen . <\/p>\n\n\n\n<p><\/p>\n\n\n\n<p>Interesse geweckt ?<\/p>\n\n\n\n<p>Mehr finden sie unter <a href=\"https:\/\/familie-hasoe.de\/ueber-uns\" target=\"_blank\" rel=\"noreferrer noopener\">https:\/\/familie-hasoe.de\/ueber-uns<\/a><\/p>\n","protected":false},"excerpt":{"rendered":"<p>Von Familie Bludau aus Northeim Das Angebot umfasst aktuell Einzelberatungen und Gruppenworkshops zu folgenden Themen: Stoffwindeln inkl. Mietpakete Windelfrei ab Geburt und \u00dc2 (Trocken werden) Babyschlaf Dunstan Babysprache Einzel- und Paarcoaching f\u00fcr Eltern Moderne Monatshygiene inkl. Wochenbett S\u00e4uglingspflege Zu allen Bereichen hat sich Frau Bludau durch Fachausbildungen qualifiziert und sie wird sich auch weiter fortbilden\u2026 <span class=\"read-more\"><a href=\"https:\/\/muetterzentrum-noerten.de\/?page_id=1346\">Weiterlesen &raquo;<\/a><\/span><\/p>\n","protected":false},"author":1,"featured_media":0,"parent":0,"menu_order":0,"comment_status":"closed","ping_status":"closed","template":"","meta":{"footnotes":""},"_links":{"self":[{"href":"https:\/\/muetterzentrum-noerten.de\/index.php?rest_route=\/wp\/v2\/pages\/1346"}],"collection":[{"href":"https:\/\/muetterzentrum-noerten.de\/index.php?rest_route=\/wp\/v2\/pages"}],"about":[{"href":"https:\/\/muetterzentrum-noerten.de\/index.php?rest_route=\/wp\/v2\/types\/page"}],"author":[{"embeddable":true,"href":"https:\/\/muetterzentrum-noerten.de\/index.php?rest_route=\/wp\/v2\/users\/1"}],"replies":[{"embeddable":true,"href":"https:\/\/muetterzentrum-noerten.de\/index.php?rest_route=%2Fwp%2Fv2%2Fcomments&post=1346"}],"version-history":[{"count":2,"href":"https:\/\/muetterzentrum-noerten.de\/index.php?rest_route=\/wp\/v2\/pages\/1346\/revisions"}],"predecessor-version":[{"id":1357,"href":"https:\/\/muetterzentrum-noerten.de\/index.php?rest_route=\/wp\/v2\/pages\/1346\/revisions\/1357"}],"wp:attachment":[{"href":"https:\/\/muetterzentrum-noerten.de\/index.php?rest_route=%2Fwp%2Fv2%2Fmedia&parent=1346"}],"curies":[{"name":"wp","href":"https:\/\/api.w.org\/{rel}","templated":true}]}}