{"id":16,"date":"2015-08-26T17:35:18","date_gmt":"2015-08-26T17:35:18","guid":{"rendered":"http:\/\/muetterzentrum-noerten.de\/?page_id=16"},"modified":"2016-06-12T15:00:03","modified_gmt":"2016-06-12T15:00:03","slug":"satzung","status":"publish","type":"page","link":"https:\/\/muetterzentrum-noerten.de\/?page_id=16","title":{"rendered":"Satzung"},"content":{"rendered":"<p>Satzung des Vereins<br \/>\nM\u00fctterzentrum N\u00f6rten e. V.<\/p>\n<p>\u00a7 1\u00a0 Name, Sitz und Rechtsform des Vereins<br \/>\n1.\u00a0\u00a0 \u00a0Der Verein tr\u00e4gt den Namen &#8222;M\u00fctterzentrum N\u00f6rten&#8220; (im folgenden M\u00fctterzentrum genannt).<br \/>\n2.\u00a0\u00a0 \u00a0Der Verein hat seinen Sitz in N\u00f6rten-Hardenberg.<br \/>\n3.\u00a0\u00a0 \u00a0Der Verein soll im Vereinsregister eingetragen werden.<br \/>\n4.\u00a0\u00a0 \u00a0 Nach Eintragung wird der Name mit dem Zusatz &#8222;eingetragener Verein&#8220; (&#8222;e.V.&#8220;) versehen.<br \/>\n5.\u00a0\u00a0 \u00a0 Das Gesch\u00e4ftsjahr ist das Kalenderjahr.<br \/>\n\u00a7 2\u00a0 Zweck des Vereins<br \/>\n1.\u00a0\u00a0 \u00a0Zweck des Vereins ist die Aufhebung der Isolation von M\u00fcttern und Frauen auf dem Lande durch Planung, F\u00f6rderung und Durchf\u00fchrung von Aktivit\u00e4ten zur Bew\u00e4ltigung des Alltags.<br \/>\n2.\u00a0\u00a0 \u00a0Der Verein hat das Ziel, den Austausch und Erwerb von theoretischen und praktischen Kenntnissen, insbesondere f\u00fcr M\u00fctter, zu f\u00f6rdern.<br \/>\n3.\u00a0\u00a0 \u00a0Auch andere Erziehungspersonen sollen in die Arbeit des Vereins einbezogen werden.<br \/>\n4.\u00a0\u00a0 \u00a0Der Verein f\u00fchrt Veranstaltungen zur Bildung und Weiterbildung durch.<br \/>\n5.\u00a0\u00a0 \u00a0Vom Verein soll ein offener Treffpunkt f\u00fcr M\u00fctter und Kinder errichtet werden.<br \/>\n6.\u00a0\u00a0 \u00a0Im Treffpunkt sollen f\u00fcr Kinder altersgem\u00e4\u00dfe Betreuung, sowie Spiel- und Lernangebote bereitgestellt werden.<br \/>\n7.\u00a0\u00a0 \u00a0Der Verein ist konfessionell ungebunden und f\u00fchlt sich keiner politischen Partei zugeh\u00f6rig.<br \/>\n8.\u00a0\u00a0 \u00a0Der Verein M\u00fctterzentrum verfolgt ausschlie\u00dflich und unmittelbar gemeinn\u00fctzige Zwecke im Sinne des Abschnitts&#8220; steuerbeg\u00fcnstigte Zwecke&#8220; der Abgabenordnung. Der Verein ist selbstlos t\u00e4tig, er verfolgt nicht in erster Linie eigen-wirtschaftliche Zwecke. Die Mittel des Vereins einschlie\u00dflich etwaiger \u00dcbersch\u00fcsse werden ausschlie\u00dflich f\u00fcr die satzungsgem\u00e4\u00dfen Zwecke verwendet.<br \/>\n\u00a7 3\u00a0 Mitgliedschaft<br \/>\n1.\u00a0\u00a0 \u00a0Mitglied kann jede Person werden, die die in \u00a7 2 genannten Ziele unterst\u00fctzt.<\/p>\n<p>2.\u00a0\u00a0 \u00a0Die Mitgliedschaft wird erworben:<br \/>\na.\u00a0\u00a0 \u00a0durch aktive Teilnahme an der Gr\u00fcndungsversammlung, in der \u00fcber die Vereinssatzung entschieden wird.<br \/>\nb.\u00a0\u00a0 \u00a0Durch Eintritt in den Verein.<br \/>\n3.\u00a0\u00a0 \u00a0Der Eintritt erfolgt durch schriftliche Beitrittserkl\u00e4rung, die vorl\u00e4ufige Entscheidung des Vorstands und die Best\u00e4tigung durch die Mitgliederversammlung.<br \/>\n4.\u00a0\u00a0 \u00a0Die Mitgliedschaft endet durch Tod, Austritt oder Ausschluss.<br \/>\n5.\u00a0\u00a0 \u00a0Der Austritt erfolgt schriftlich gegen\u00fcber dem Vorstand.<br \/>\n6.\u00a0\u00a0 \u00a0Der Ausschluss kann bei einem Versto\u00df gegen die satzungsgem\u00e4\u00dfen Zwecke oder gegen die Vereinsinteressen erfolgen. Der Ausschluss erfolgt durch den Beschluss der Mitgliederversammlung mit 2\/3 Mehrheit der anwesenden Mitglieder.<br \/>\n\u00a7 4\u00a0 Beitr\u00e4ge<br \/>\n1.\u00a0\u00a0 \u00a0Jedes Mitglied hat Jahresbeitr\u00e4ge zu leisten, deren H\u00f6he von der Mitgliederversammlung bestimmt und die jeweils zur Jahresmitte f\u00e4llig werden.<br \/>\n\u00a7 5\u00a0 Organe<\/p>\n<p>1.\u00a0\u00a0 \u00a0Der Verein hat folgende Organe:<br \/>\na.\u00a0\u00a0 \u00a0Mitgliederversammlung<br \/>\nb.\u00a0\u00a0 \u00a0Vorstand<br \/>\n2.\u00a0\u00a0 \u00a0\u00dcber die Beschl\u00fcsse der Organe sind Protokolle anzufertigen, die von der jeweiligen Protokollf\u00fchrung und einem Vorstandsmitglied unterzeichnet werden.<br \/>\n3.\u00a0\u00a0 \u00a0Die Organe k\u00f6nnen im Rahmen ihrer Zust\u00e4ndigkeit Aussch\u00fcsse f\u00fcr besondere Aufgaben einsetzen, mit Rechten ausstatten und sie wieder aufl\u00f6sen.<\/p>\n<p>\u00a7 6\u00a0 Mitgliederversammlung<br \/>\n1.\u00a0\u00a0 \u00a0Die Mitgliederversammlung wird mindestens einmal j\u00e4hrlich vom Vorstand einberufen. Die Einberufung erfolgt schriftlich mit Nennung der Tagesordnung m\u00f6glichst im ersten Viertel des Kalenderjahres unter Wahrung einer Einladungsfrist von zwei Wochen.<br \/>\n2.\u00a0\u00a0 \u00a0Die Mitgliederversammlung ist zus\u00e4tzlich einzuberufen, wenn mindestens ein Viertel der Vereinsmitglieder dies unter Angabe der Beratungspunkte beantragt. In diesem Fall hat der Vorstand die Einberufung unverz\u00fcglich innerhalb von sechs Wochen nach AntragsteIlung zu bewirken. Die Bekanntgabe erfolgt durch Aushang am Schwarzen Brett in den R\u00e4umen des Vereins M\u00fctterzentrum. Falls satzungs\u00e4ndernde Punkte zur Diskussion stehen, muss die Einladung schriftlich erfolgen.<br \/>\n3.\u00a0\u00a0 \u00a0Die Mitgliederversammlung ist nach ordnungsgem\u00e4\u00dfer Einberufung in jedem Falle beschlussf\u00e4hig. Beschl\u00fcsse erfolgen durch einfache Mehrheit der abgegebenen Stimmen. Nur mit einer Mehrheit von mindestens zwei Dritteln der anwesenden Mitglieder kann die Satzung ge\u00e4ndert werden oder die Aufhebung des Vereins M\u00fctterzentrum beschlossen werden, sofern diese Punkte bei der Einladung mitgeteilt wurden und mindestens die H\u00e4lfte der Mitglieder des Vereins anwesend ist.<br \/>\n4.\u00a0\u00a0 \u00a0Die Mitgliederversammlung beschlie\u00dft \u00fcber die Wahl des Vorstandes und \u00fcber die Entlastung.<br \/>\n5.\u00a0\u00a0 \u00a0Die vorzeitige Abwahl eines Vorstandsmitgliedes ist aus wichtigem Grund m\u00f6glich. Dazu ist die 2\/3 Mehrheit der anwesenden Mitglieder n\u00f6tig.<br \/>\n6.\u00a0\u00a0 \u00a0Der Mitgliederversammlung wird durch den Vorstand einmal j\u00e4hrlich die Jahresabrechnung und der Jahresbericht vorgelegt.<br \/>\n7.\u00a0\u00a0 \u00a0Die Mitgliederversammlung w\u00e4hlt zwei Kassenpr\u00fcfer f\u00fcr die Dauer von zwei Jahren. Die Kassenpr\u00fcfer m\u00fcssen der Mitgliederversammlung \u00fcber die erfolgte Pr\u00fcfung der gesamten Buch- und Kassenpr\u00fcfung Bericht erstatten.<br \/>\n8.\u00a0\u00a0 \u00a0Die Mitgliederversammlung ber\u00e4t und entscheidet \u00fcber den Haushaltsplan.<br \/>\n9.\u00a0\u00a0 \u00a0Ferner kann die Mitgliederversammlung Beschl\u00fcsse fassen \u00fcber alle den Verein betreffenden Fragen.<br \/>\n10.\u00a0\u00a0 \u00a0 Die Gr\u00fcndungsversammlung bestimmt eine Person, die den Verein in der Eintragungsphase vertritt und gegebenenfalls (nach R\u00fccksprache mit dem Vorstand) auch Satzungs\u00e4nderungen, die zur Eintragung des Vereins erforderlich sind, vornehmen kann.<br \/>\n\u00a7 7\u00a0 Vorstand<br \/>\n1.\u00a0\u00a0 \u00a0Der Vorstand des Vereins M\u00fctterzentrum besteht aus drei Mitgliedern; dies sollten 3 Frauen sein.<br \/>\n2.\u00a0\u00a0 \u00a0Die Amtsdauer des Vorstandes betr\u00e4gt ein Jahr, Wiederwahl ist m\u00f6glich. Der Vorstand bleibt \u00fcber die Amtsdauer hinaus bis zur satzungsgem\u00e4\u00dfen Wahl des n\u00e4chsten Vorstandes im Amt.<br \/>\n3.\u00a0\u00a0 \u00a0Im Falle eines Ausscheidens von einem Vorstandsmitglied f\u00fchren die verbleibenden Vorstandsmitglieder die Gesch\u00e4fte des Vereins bis zur n\u00e4chsten Mitgliederversammlung.<br \/>\n4.\u00a0\u00a0 \u00a0Die Vorstandsmitglieder sind berechtigt, einzeln den Verein gerichtlich und au\u00dfergerichtlich zu vertreten. Sie sind also Einzelvorstand im Sinne des \u00a7 26 BGB.<\/p>\n<p>5.\u00a0\u00a0 \u00a0Der Vorstand ist ausf\u00fchrendes Organ der Mitglieder-versammlung.<br \/>\n6.\u00a0\u00a0 \u00a0Dem Vorstand obliegt die F\u00fchrung der Gesch\u00e4fte.<\/p>\n<p>\u00a7 8\u00a0 Mittel und Verm\u00f6gen<br \/>\n1.\u00a0\u00a0 \u00a0Alle Einnahmen und Mittel des Vereins werden ausschlie\u00dflich zur Erreichung des Vereinszwecks verwendet.<br \/>\n2.\u00a0\u00a0 \u00a0Etwaige Gewinne d\u00fcrfen nur f\u00fcr die satzungsgem\u00e4\u00dfen Zwecke verwendet werden. Die Mitglieder erhalten keine Gewinnanteile und in ihrer Eigenschaft als Mitglieder auch keine sonstigen Zuwendungen aus Mitteln des Vereins. Es darf keine Person durch Ausgaben, die den Zwecken des Vereins fremd sind oder durch unverh\u00e4ltnism\u00e4\u00dfig hohe Verg\u00fctungen beg\u00fcnstigt werden.<br \/>\n\u00a7 9\u00a0 Aufl\u00f6sung des Vereins<br \/>\nBei Aufl\u00f6sung oder Aufhebung des Vereins M\u00fctterzentrum oder bei Wegfall des bisherigen Zwecks f\u00e4llt das Verm\u00f6gen des Vereins an das \u00f6rtlich am n\u00e4chsten gelegene M\u00fctterzentrum, das die hier in \u00a7 2 genannten Ziele verfolgt und vom zust\u00e4ndigen Finanzamt als gemeinn\u00fctzig anerkannt ist. Dieses M\u00fctterzentrum hat das Verm\u00f6gen unmittelbar und ausschlie\u00dflich f\u00fcr gemeinn\u00fctzige Zwecke zu verwenden. Ein Aufl\u00f6sungsbeschluss bedarf vor seiner Ausf\u00fchrung der Zustimmung des zust\u00e4ndigen Finanzamtes.<\/p>\n<p>N\u00f6rten-Hardenberg, den 20.03.2009<\/p>\n","protected":false},"excerpt":{"rendered":"<p>Satzung des Vereins M\u00fctterzentrum N\u00f6rten e. V. \u00a7 1\u00a0 Name, Sitz und Rechtsform des Vereins 1.\u00a0\u00a0 \u00a0Der Verein tr\u00e4gt den Namen &#8222;M\u00fctterzentrum N\u00f6rten&#8220; (im folgenden M\u00fctterzentrum genannt). 2.\u00a0\u00a0 \u00a0Der Verein hat seinen Sitz in N\u00f6rten-Hardenberg. 3.\u00a0\u00a0 \u00a0Der Verein soll im Vereinsregister eingetragen werden. 4.\u00a0\u00a0 \u00a0 Nach Eintragung wird der Name mit dem Zusatz &#8222;eingetragener Verein&#8220;\u2026 <span class=\"read-more\"><a href=\"https:\/\/muetterzentrum-noerten.de\/?page_id=16\">Weiterlesen &raquo;<\/a><\/span><\/p>\n","protected":false},"author":1,"featured_media":0,"parent":0,"menu_order":3,"comment_status":"closed","ping_status":"closed","template":"","meta":{"footnotes":""},"_links":{"self":[{"href":"https:\/\/muetterzentrum-noerten.de\/index.php?rest_route=\/wp\/v2\/pages\/16"}],"collection":[{"href":"https:\/\/muetterzentrum-noerten.de\/index.php?rest_route=\/wp\/v2\/pages"}],"about":[{"href":"https:\/\/muetterzentrum-noerten.de\/index.php?rest_route=\/wp\/v2\/types\/page"}],"author":[{"embeddable":true,"href":"https:\/\/muetterzentrum-noerten.de\/index.php?rest_route=\/wp\/v2\/users\/1"}],"replies":[{"embeddable":true,"href":"https:\/\/muetterzentrum-noerten.de\/index.php?rest_route=%2Fwp%2Fv2%2Fcomments&post=16"}],"version-history":[{"count":2,"href":"https:\/\/muetterzentrum-noerten.de\/index.php?rest_route=\/wp\/v2\/pages\/16\/revisions"}],"predecessor-version":[{"id":165,"href":"https:\/\/muetterzentrum-noerten.de\/index.php?rest_route=\/wp\/v2\/pages\/16\/revisions\/165"}],"wp:attachment":[{"href":"https:\/\/muetterzentrum-noerten.de\/index.php?rest_route=%2Fwp%2Fv2%2Fmedia&parent=16"}],"curies":[{"name":"wp","href":"https:\/\/api.w.org\/{rel}","templated":true}]}}