{"id":2,"date":"2015-08-19T04:23:47","date_gmt":"2015-08-19T04:23:47","guid":{"rendered":"http:\/\/muetterzentrum-noerten.de\/?page_id=2"},"modified":"2023-03-09T17:17:52","modified_gmt":"2023-03-09T16:17:52","slug":"sample-page","status":"publish","type":"page","link":"https:\/\/muetterzentrum-noerten.de\/?page_id=2","title":{"rendered":"Kontakt"},"content":{"rendered":"<div id=\"system\">\n<article class=\"item\">\n<div class=\"content clearfix\">\n<p><strong>M\u00fctterzentrum N\u00f6rten<br \/>\n<\/strong><\/p>\n<p><strong>G\u00f6ttinger Stra\u00dfe 11a Hinterhaus (zwischen A`POS und NKD)<br \/>\n<\/strong><\/p>\n<p><strong>37176 N\u00f6rten-Hardenberg<br \/>\n<\/strong><\/p>\n<p><strong>Tel:\u00a0 \u00a0\u00a0\u00a0\u00a0\u00a0\u00a0\u00a0\u00a0\u00a0\u00a0\u00a0\u00a005503\/3860<\/strong><\/p>\n<p><strong>\u00a0<\/strong><\/p>\n<p>Das M\u00fctterzentrum ist ein Treffpunkt f\u00fcr alle, egal ob Jung oder Alt, ob mit oder ohne Kinder. Hier kann man Erfahrungen austauschen oder mit netten Leuten eine Tasse Kaffee\/ Tee trinken. Besuchen Sie uns einfach einmal ganz unverbindlich und lernen Sie uns kennen.<\/p>\n<p>Bei Fragen, k\u00f6nnen Sie gerne bei einer unserer Ansprechpartnerinnen anrufen.<\/p>\n<p><strong>\u00a0<\/strong><\/p>\n<p><strong>Ansprechpartnerinnen : Telefon 05503\/<\/strong><\/p>\n<p><strong>N\u00f6rten- Hardenberg<\/strong><\/p>\n<p>Ulrike Rothenberg \u2026\u2026\u2026\u2026\u2026\u2026\u2026\u2026\u2026\u2026\u2026\u2026\u2026\u2026\u2026.\u2026&#8230;\u2026\u2026<strong>..8308<\/strong><\/p>\n<p>Hella Paul \u2026\u2026\u2026\u2026\u2026\u2026\u2026\u2026\u2026\u2026\u2026\u2026&#8230;.\u2026\u2026\u2026\u2026\u2026\u2026\u2026&#8230;\u2026\u2026.<strong>&#8230;.1826<\/strong><\/p>\n<p><strong>Angerstein<\/strong><\/p>\n<p>Monika Keiler \u2026\u2026\u2026\u2026\u2026\u2026\u2026\u2026\u2026\u2026&#8230;\u2026\u2026\u2026\u2026\u2026\u2026\u2026&#8230;.\u2026\u2026\u2026<strong>.3616 <\/strong><\/p>\n<p>oder\u00a0 &#8230;&#8230;&#8230;&#8230;&#8230;&#8230;.0151 &#8211; 11646105<\/p>\n<p>Inga Schild &#8230;&#8230;&#8230;&#8230;&#8230;&#8230;&#8230;&#8230;&#8230;&#8230;&#8230;&#8230;&#8230;&#8230;&#8230;&#8230;&#8230;&#8230;&#8230;&#8230;&#8230;&#8230;<strong>5970598<br \/>\n<\/strong><\/p>\n<p>oder&#8230;&#8230;&#8230;&#8230;&#8230;&#8230;. 0176 &#8211; 23177543<\/p>\n<p><strong>\u00a0<\/strong><\/p>\n<p><strong>\u00a0<\/strong><\/p>\n<p><strong>\u00a0<\/strong><\/p>\n<\/div>\n<\/article>\n<\/div>\n","protected":false},"excerpt":{"rendered":"<p>M\u00fctterzentrum N\u00f6rten G\u00f6ttinger Stra\u00dfe 11a Hinterhaus (zwischen A`POS und NKD) 37176 N\u00f6rten-Hardenberg Tel:\u00a0 \u00a0\u00a0\u00a0\u00a0\u00a0\u00a0\u00a0\u00a0\u00a0\u00a0\u00a0\u00a005503\/3860 \u00a0 Das M\u00fctterzentrum ist ein Treffpunkt f\u00fcr alle, egal ob Jung oder Alt, ob mit oder ohne Kinder. Hier kann man Erfahrungen austauschen oder mit netten Leuten eine Tasse Kaffee\/ Tee trinken. Besuchen Sie uns einfach einmal ganz unverbindlich und lernen\u2026 <span class=\"read-more\"><a href=\"https:\/\/muetterzentrum-noerten.de\/?page_id=2\">Weiterlesen &raquo;<\/a><\/span><\/p>\n","protected":false},"author":2,"featured_media":0,"parent":0,"menu_order":5,"comment_status":"closed","ping_status":"closed","template":"","meta":{"footnotes":""},"_links":{"self":[{"href":"https:\/\/muetterzentrum-noerten.de\/index.php?rest_route=\/wp\/v2\/pages\/2"}],"collection":[{"href":"https:\/\/muetterzentrum-noerten.de\/index.php?rest_route=\/wp\/v2\/pages"}],"about":[{"href":"https:\/\/muetterzentrum-noerten.de\/index.php?rest_route=\/wp\/v2\/types\/page"}],"author":[{"embeddable":true,"href":"https:\/\/muetterzentrum-noerten.de\/index.php?rest_route=\/wp\/v2\/users\/2"}],"replies":[{"embeddable":true,"href":"https:\/\/muetterzentrum-noerten.de\/index.php?rest_route=%2Fwp%2Fv2%2Fcomments&post=2"}],"version-history":[{"count":8,"href":"https:\/\/muetterzentrum-noerten.de\/index.php?rest_route=\/wp\/v2\/pages\/2\/revisions"}],"predecessor-version":[{"id":1592,"href":"https:\/\/muetterzentrum-noerten.de\/index.php?rest_route=\/wp\/v2\/pages\/2\/revisions\/1592"}],"wp:attachment":[{"href":"https:\/\/muetterzentrum-noerten.de\/index.php?rest_route=%2Fwp%2Fv2%2Fmedia&parent=2"}],"curies":[{"name":"wp","href":"https:\/\/api.w.org\/{rel}","templated":true}]}}