{"id":40,"date":"2015-08-26T18:53:22","date_gmt":"2015-08-26T18:53:22","guid":{"rendered":"http:\/\/muetterzentrum-noerten.de\/?page_id=40"},"modified":"2026-03-28T18:22:13","modified_gmt":"2026-03-28T17:22:13","slug":"frauenkleiderboerse","status":"publish","type":"page","link":"https:\/\/muetterzentrum-noerten.de\/?page_id=40","title":{"rendered":"Frauenkleiderb\u00f6rse"},"content":{"rendered":"\n<p>Der n\u00e4chste Termin f\u00fcr Outdoor Frauenkleiderb\u00f6rse \/ Kinderkleidermarkt  wird rechtzeitig bekannt gegeben&#8230;<\/p>\n\n\n\n<p><\/p>\n\n\n\n<p>Verkauft werden ,kann alles, was die Frau so alles braucht und alles rund ums Kind!!!!!!<\/p>\n\n\n\n<p><strong>KEINE GEWERBLICHEN H\u00c4NDLER<\/strong><\/p>\n\n\n\n<p>F\u00fcr das leibliche Wohl wird wie immer gesorgt !!!<\/p>\n\n\n\n<p>Kinder k\u00f6nnen wie immer ihre Spielsachen kostenlos verkaufen. <\/p>\n\n\n\n<p><strong>Die Anmeldung f\u00fcr die Verk\u00e4ufer ist in der Zeit vom 1. 03 &#8211; 15. 03. 2026<\/strong> <\/p>\n\n\n\n<p>unter : <strong>kinderkleidermarktnoerten@web.de<\/strong><\/p>\n\n\n\n<p><\/p>\n\n\n\n<p>Teilnehmerzahl ist begrenzt.<\/p>\n\n\n\n<p><strong>Leider erleben wir immer wieder ,dass angemeldete Verk\u00e4ufer den Termin ohne Absage , fernbleiben.<\/strong><\/p>\n\n\n\n<p><strong>Es kann immer etwas dazwischen kommen ,aber , dann bitten die Organisatoren darum, wenigstens Bescheid zu geben, damit der N\u00e4chste auf der Warteliste nachr\u00fccken kann.<\/strong><\/p>\n\n\n\n<p> <\/p>\n\n\n\n<p><\/p>\n\n\n\n<p><\/p>\n\n\n\n<p>Teilnahme begrenzt<\/p>\n","protected":false},"excerpt":{"rendered":"<p>Der n\u00e4chste Termin f\u00fcr Outdoor Frauenkleiderb\u00f6rse \/ Kinderkleidermarkt wird rechtzeitig bekannt gegeben&#8230; Verkauft werden ,kann alles, was die Frau so alles braucht und alles rund ums Kind!!!!!! KEINE GEWERBLICHEN H\u00c4NDLER F\u00fcr das leibliche Wohl wird wie immer gesorgt !!! Kinder k\u00f6nnen wie immer ihre Spielsachen kostenlos verkaufen. Die Anmeldung f\u00fcr die Verk\u00e4ufer ist in der\u2026 <span class=\"read-more\"><a href=\"https:\/\/muetterzentrum-noerten.de\/?page_id=40\">Weiterlesen &raquo;<\/a><\/span><\/p>\n","protected":false},"author":1,"featured_media":0,"parent":0,"menu_order":0,"comment_status":"closed","ping_status":"closed","template":"","meta":{"footnotes":""},"_links":{"self":[{"href":"https:\/\/muetterzentrum-noerten.de\/index.php?rest_route=\/wp\/v2\/pages\/40"}],"collection":[{"href":"https:\/\/muetterzentrum-noerten.de\/index.php?rest_route=\/wp\/v2\/pages"}],"about":[{"href":"https:\/\/muetterzentrum-noerten.de\/index.php?rest_route=\/wp\/v2\/types\/page"}],"author":[{"embeddable":true,"href":"https:\/\/muetterzentrum-noerten.de\/index.php?rest_route=\/wp\/v2\/users\/1"}],"replies":[{"embeddable":true,"href":"https:\/\/muetterzentrum-noerten.de\/index.php?rest_route=%2Fwp%2Fv2%2Fcomments&post=40"}],"version-history":[{"count":85,"href":"https:\/\/muetterzentrum-noerten.de\/index.php?rest_route=\/wp\/v2\/pages\/40\/revisions"}],"predecessor-version":[{"id":1837,"href":"https:\/\/muetterzentrum-noerten.de\/index.php?rest_route=\/wp\/v2\/pages\/40\/revisions\/1837"}],"wp:attachment":[{"href":"https:\/\/muetterzentrum-noerten.de\/index.php?rest_route=%2Fwp%2Fv2%2Fmedia&parent=40"}],"curies":[{"name":"wp","href":"https:\/\/api.w.org\/{rel}","templated":true}]}}