{"id":9,"date":"2015-08-26T17:26:06","date_gmt":"2015-08-26T17:26:06","guid":{"rendered":"http:\/\/muetterzentrum-noerten.de\/?page_id=9"},"modified":"2026-04-05T16:12:27","modified_gmt":"2026-04-05T15:12:27","slug":"startseite","status":"publish","type":"page","link":"https:\/\/muetterzentrum-noerten.de\/","title":{"rendered":"Startseite"},"content":{"rendered":"\n<p><strong>Herzlich willkommen auf der Internet Seite vom <\/strong>M<strong>\u00fctterzentrum N\u00f6rten<\/strong> <strong>e.V.<\/strong><\/p>\n\n\n\n<p><\/p>\n\n\n\n<p>F\u00fcr Fragen, Anregungen und zur Kontaktaufnahme stehen neben den jeweiligen Gruppenverantwortlichen auch der gesamte Vorstand des M\u00fctterzentrum N\u00f6rten e.V. gerne zur Verf\u00fcgung.<\/p>\n\n\n\n<p><strong>Vorstand M\u00fctterzentrum N\u00f6rten e.V.<\/strong><\/p>\n\n\n\nMonika Keiler Tel. 0151 &#8211; 11646105\n\nSteffi Wrede  Tel. 0160 &#8211; 99452523\n\nNina Opolka   Tel. 0170 &#8211; 9693387\n\n\n\n<div class=\"wp-block-columns is-layout-flex wp-container-core-columns-layout-1 wp-block-columns-is-layout-flex\">\n<div class=\"wp-block-column is-layout-flow wp-block-column-is-layout-flow\" style=\"flex-basis:100%\"><\/div>\n<\/div>\n\n\n\n<p>Ansprechpartner f\u00fcr WhatsApp Gruppe und Besuche von Familien im M\u00fctterzentrum N\u00f6rten ist Frau Monika Keiler Tel: 0151 11 64 61 05 gerne f\u00fcr sie \/euch da <\/p>\n\n\n\n<p><\/p>\n\n\n\n<p><\/p>\n\n\n\n<p><\/p>\n\n\n\n<p><\/p>\n\n\n\n<figure class=\"wp-block-gallery has-nested-images columns-default is-cropped wp-block-gallery-1 is-layout-flex wp-block-gallery-is-layout-flex\"><\/figure>\n","protected":false},"excerpt":{"rendered":"<p>Herzlich willkommen auf der Internet Seite vom M\u00fctterzentrum N\u00f6rten e.V. F\u00fcr Fragen, Anregungen und zur Kontaktaufnahme stehen neben den jeweiligen Gruppenverantwortlichen auch der gesamte Vorstand des M\u00fctterzentrum N\u00f6rten e.V. gerne zur Verf\u00fcgung. Vorstand M\u00fctterzentrum N\u00f6rten e.V. Monika Keiler Tel. 0151 &#8211; 11646105 Steffi Wrede Tel. 0160 &#8211; 99452523 Nina Opolka Tel. 0170 &#8211; 9693387 Ansprechpartner\u2026 <span class=\"read-more\"><a href=\"https:\/\/muetterzentrum-noerten.de\/\">Weiterlesen &raquo;<\/a><\/span><\/p>\n","protected":false},"author":1,"featured_media":0,"parent":0,"menu_order":0,"comment_status":"closed","ping_status":"closed","template":"","meta":{"footnotes":""},"_links":{"self":[{"href":"https:\/\/muetterzentrum-noerten.de\/index.php?rest_route=\/wp\/v2\/pages\/9"}],"collection":[{"href":"https:\/\/muetterzentrum-noerten.de\/index.php?rest_route=\/wp\/v2\/pages"}],"about":[{"href":"https:\/\/muetterzentrum-noerten.de\/index.php?rest_route=\/wp\/v2\/types\/page"}],"author":[{"embeddable":true,"href":"https:\/\/muetterzentrum-noerten.de\/index.php?rest_route=\/wp\/v2\/users\/1"}],"replies":[{"embeddable":true,"href":"https:\/\/muetterzentrum-noerten.de\/index.php?rest_route=%2Fwp%2Fv2%2Fcomments&post=9"}],"version-history":[{"count":122,"href":"https:\/\/muetterzentrum-noerten.de\/index.php?rest_route=\/wp\/v2\/pages\/9\/revisions"}],"predecessor-version":[{"id":1843,"href":"https:\/\/muetterzentrum-noerten.de\/index.php?rest_route=\/wp\/v2\/pages\/9\/revisions\/1843"}],"wp:attachment":[{"href":"https:\/\/muetterzentrum-noerten.de\/index.php?rest_route=%2Fwp%2Fv2%2Fmedia&parent=9"}],"curies":[{"name":"wp","href":"https:\/\/api.w.org\/{rel}","templated":true}]}}